{"id":8439,"date":"2025-06-03T02:29:02","date_gmt":"2025-06-03T06:29:02","guid":{"rendered":"https:\/\/preservationltn.ca\/projets\/controle-des-sediments-et-amenagement-paysager\/"},"modified":"2025-06-03T02:34:25","modified_gmt":"2025-06-03T06:34:25","slug":"controle-des-sediments-et-amenagement-paysager","status":"publish","type":"page","link":"https:\/\/preservationltn.ca\/fr\/projets\/controle-des-sediments-et-amenagement-paysager\/","title":{"rendered":"Contr\u00f4le des s\u00e9diments et am\u00e9nagement paysager"},"content":{"rendered":"\t\t<div data-elementor-type=\"wp-page\" data-elementor-id=\"8439\" class=\"elementor elementor-8439 elementor-8431\">\n\t\t\t\t\t\t<section class=\"elementor-section elementor-top-section elementor-element elementor-element-9028a7f elementor-section-boxed elementor-section-height-default elementor-section-height-default\" data-id=\"9028a7f\" data-element_type=\"section\" data-e-type=\"section\">\n\t\t\t\t\t\t<div class=\"elementor-container elementor-column-gap-default\">\n\t\t\t\t\t<div class=\"elementor-column elementor-col-50 elementor-top-column elementor-element elementor-element-7943947a\" data-id=\"7943947a\" data-element_type=\"column\" data-e-type=\"column\">\n\t\t\t<div class=\"elementor-widget-wrap elementor-element-populated\">\n\t\t\t\t\t\t<div class=\"elementor-element elementor-element-0e1284f elementor-widget elementor-widget-heading\" data-id=\"0e1284f\" data-element_type=\"widget\" data-e-type=\"widget\" data-widget_type=\"heading.default\">\n\t\t\t\t<div class=\"elementor-widget-container\">\n\t\t\t\t\t<h2 class=\"elementor-heading-title elementor-size-xl\">Contr\u00f4le des s\u00e9diments et am\u00e9nagement paysager<\/h2>\t\t\t\t<\/div>\n\t\t\t\t<\/div>\n\t\t\t\t\t<\/div>\n\t\t<\/div>\n\t\t\t\t<div class=\"elementor-column elementor-col-50 elementor-top-column elementor-element elementor-element-c2f950a\" data-id=\"c2f950a\" data-element_type=\"column\" data-e-type=\"column\">\n\t\t\t<div class=\"elementor-widget-wrap\">\n\t\t\t\t\t\t\t<\/div>\n\t\t<\/div>\n\t\t\t\t\t<\/div>\n\t\t<\/section>\n\t\t\t\t<section class=\"elementor-section elementor-top-section elementor-element elementor-element-0d8bc0f elementor-section-boxed elementor-section-height-default elementor-section-height-default\" data-id=\"0d8bc0f\" data-element_type=\"section\" data-e-type=\"section\">\n\t\t\t\t\t\t<div class=\"elementor-container elementor-column-gap-default\">\n\t\t\t\t\t<div class=\"elementor-column elementor-col-100 elementor-top-column elementor-element elementor-element-8181be4\" data-id=\"8181be4\" data-element_type=\"column\" data-e-type=\"column\">\n\t\t\t<div class=\"elementor-widget-wrap elementor-element-populated\">\n\t\t\t\t\t\t<div class=\"elementor-element elementor-element-f58d4d9 elementor-widget elementor-widget-text-editor\" data-id=\"f58d4d9\" data-element_type=\"widget\" data-e-type=\"widget\" data-widget_type=\"text-editor.default\">\n\t\t\t\t<div class=\"elementor-widget-container\">\n\t\t\t\t\t\t\t\t\t<p>Notre subvention du Comit\u00e9 des Lacs de la Ville de Mont Tremblant se concr\u00e9tise avec la nouvelle plaque d&#8217;acier \u00e0 notre rampe de mise \u00e0 l&#8217;eau dans le but de pr\u00e9venir l&#8217;\u00e9rosion du lit du lac par les coups d&#8217;h\u00e9lice lorsque les bateaux sont soulev\u00e9s hors de l&#8217;eau. Nous allons \u00e9galement poursuivre les travaux de rev\u00eatement du foss\u00e9 avec des pierres afin de r\u00e9duire davantage la s\u00e9dimentation et de ralentir l&#8217;\u00e9coulement de l&#8217;eau pour contr\u00f4ler l&#8217;\u00e9rosion sur le rivage. En outre, nous chercherons \u00e0 reboiser la zone avec des arbustes, des arbres et des tr\u00e8fles indig\u00e8nes afin de r\u00e9duire une fois de plus le ruissellement des eaux de pluie.  <\/p>\t\t\t\t\t\t\t\t<\/div>\n\t\t\t\t<\/div>\n\t\t\t\t\t<\/div>\n\t\t<\/div>\n\t\t\t\t\t<\/div>\n\t\t<\/section>\n\t\t\t\t<section class=\"elementor-section elementor-top-section elementor-element elementor-element-76996dd elementor-section-boxed elementor-section-height-default elementor-section-height-default\" data-id=\"76996dd\" data-element_type=\"section\" data-e-type=\"section\">\n\t\t\t\t\t\t<div class=\"elementor-container elementor-column-gap-default\">\n\t\t\t\t\t<div class=\"elementor-column elementor-col-100 elementor-top-column elementor-element elementor-element-5dd6a36\" data-id=\"5dd6a36\" data-element_type=\"column\" data-e-type=\"column\">\n\t\t\t<div class=\"elementor-widget-wrap elementor-element-populated\">\n\t\t\t\t\t\t<div class=\"elementor-element elementor-element-2945a54 elementor-widget elementor-widget-image-gallery\" data-id=\"2945a54\" data-element_type=\"widget\" data-e-type=\"widget\" data-widget_type=\"image-gallery.default\">\n\t\t\t\t<div class=\"elementor-widget-container\">\n\t\t\t\t\t\t\t<div class=\"elementor-image-gallery\">\n\t\t\t\n\t\t<style type=\"text\/css\">\n\t\t\t#gallery-1 {\n\t\t\t\tmargin: auto;\n\t\t\t}\n\t\t\t#gallery-1 .gallery-item {\n\t\t\t\tfloat: left;\n\t\t\t\tmargin-top: 10px;\n\t\t\t\ttext-align: center;\n\t\t\t\twidth: 50%;\n\t\t\t}\n\t\t\t#gallery-1 img {\n\t\t\t\tborder: 2px solid #cfcfcf;\n\t\t\t}\n\t\t\t#gallery-1 .gallery-caption {\n\t\t\t\tmargin-left: 0;\n\t\t\t}\n\t\t\t\/* see gallery_shortcode() in wp-includes\/media.php *\/\n\t\t<\/style>\n\t\t<div id='gallery-1' class='gallery galleryid-8439 gallery-columns-2 gallery-size-citygov_classic'><dl class='gallery-item'>\n\t\t\t<dt class='gallery-icon landscape'>\n\t\t\t\t<a data-elementor-open-lightbox=\"yes\" data-elementor-lightbox-slideshow=\"2945a54\" data-elementor-lightbox-title=\"planting-tree\" data-e-action-hash=\"#elementor-action%3Aaction%3Dlightbox%26settings%3DeyJpZCI6ODQzNSwidXJsIjoiaHR0cHM6XC9cL3ByZXNlcnZhdGlvbmx0bi5jYVwvd3AtY29udGVudFwvdXBsb2Fkc1wvMjAyNVwvMDZcL3BsYW50aW5nLXRyZWUuanBnIiwic2xpZGVzaG93IjoiMjk0NWE1NCJ9\" href='https:\/\/preservationltn.ca\/wp-content\/uploads\/2025\/06\/planting-tree.jpg'><img fetchpriority=\"high\" decoding=\"async\" width=\"698\" height=\"500\" src=\"https:\/\/preservationltn.ca\/wp-content\/uploads\/2025\/06\/planting-tree-698x500.jpg\" class=\"attachment-citygov_classic size-citygov_classic\" alt=\"\" srcset=\"https:\/\/preservationltn.ca\/wp-content\/uploads\/2025\/06\/planting-tree-698x500.jpg 698w, https:\/\/preservationltn.ca\/wp-content\/uploads\/2025\/06\/planting-tree-350x250.jpg 350w\" sizes=\"(max-width: 698px) 100vw, 698px\" \/><\/a>\n\t\t\t<\/dt><\/dl><dl class='gallery-item'>\n\t\t\t<dt class='gallery-icon landscape'>\n\t\t\t\t<a data-elementor-open-lightbox=\"yes\" data-elementor-lightbox-slideshow=\"2945a54\" data-elementor-lightbox-title=\"natural-shoreline\" data-e-action-hash=\"#elementor-action%3Aaction%3Dlightbox%26settings%3DeyJpZCI6ODQzMywidXJsIjoiaHR0cHM6XC9cL3ByZXNlcnZhdGlvbmx0bi5jYVwvd3AtY29udGVudFwvdXBsb2Fkc1wvMjAyNVwvMDZcL25hdHVyYWwtc2hvcmVsaW5lLmpwZyIsInNsaWRlc2hvdyI6IjI5NDVhNTQifQ%3D%3D\" href='https:\/\/preservationltn.ca\/wp-content\/uploads\/2025\/06\/natural-shoreline.jpg'><img decoding=\"async\" width=\"698\" height=\"500\" src=\"https:\/\/preservationltn.ca\/wp-content\/uploads\/2025\/06\/natural-shoreline-698x500.jpg\" class=\"attachment-citygov_classic size-citygov_classic\" alt=\"\" srcset=\"https:\/\/preservationltn.ca\/wp-content\/uploads\/2025\/06\/natural-shoreline-698x500.jpg 698w, https:\/\/preservationltn.ca\/wp-content\/uploads\/2025\/06\/natural-shoreline-350x250.jpg 350w\" sizes=\"(max-width: 698px) 100vw, 698px\" \/><\/a>\n\t\t\t<\/dt><\/dl><br style=\"clear: both\" \/>\n\t\t<\/div>\n\t\t<\/div>\n\t\t\t\t\t\t<\/div>\n\t\t\t\t<\/div>\n\t\t\t\t\t<\/div>\n\t\t<\/div>\n\t\t\t\t\t<\/div>\n\t\t<\/section>\n\t\t\t\t<section class=\"elementor-section elementor-top-section elementor-element elementor-element-59ecad3 elementor-section-boxed elementor-section-height-default elementor-section-height-default\" data-id=\"59ecad3\" data-element_type=\"section\" data-e-type=\"section\">\n\t\t\t\t\t\t<div class=\"elementor-container elementor-column-gap-default\">\n\t\t\t\t\t<div class=\"elementor-column elementor-col-100 elementor-top-column elementor-element elementor-element-ef71665\" data-id=\"ef71665\" data-element_type=\"column\" data-e-type=\"column\">\n\t\t\t<div class=\"elementor-widget-wrap\">\n\t\t\t\t\t\t\t<\/div>\n\t\t<\/div>\n\t\t\t\t\t<\/div>\n\t\t<\/section>\n\t\t\t\t<section class=\"elementor-section elementor-top-section elementor-element elementor-element-65c0a08 elementor-section-boxed elementor-section-height-default elementor-section-height-default\" data-id=\"65c0a08\" data-element_type=\"section\" data-e-type=\"section\">\n\t\t\t\t\t\t<div class=\"elementor-container elementor-column-gap-default\">\n\t\t\t\t\t<div class=\"elementor-column elementor-col-100 elementor-top-column elementor-element elementor-element-14f0ec9\" data-id=\"14f0ec9\" data-element_type=\"column\" data-e-type=\"column\">\n\t\t\t<div class=\"elementor-widget-wrap elementor-element-populated\">\n\t\t\t\t\t\t<div class=\"elementor-element elementor-element-96f85fe elementor-widget elementor-widget-spacer\" data-id=\"96f85fe\" data-element_type=\"widget\" data-e-type=\"widget\" data-widget_type=\"spacer.default\">\n\t\t\t\t<div class=\"elementor-widget-container\">\n\t\t\t\t\t\t\t<div class=\"elementor-spacer\">\n\t\t\t<div class=\"elementor-spacer-inner\"><\/div>\n\t\t<\/div>\n\t\t\t\t\t\t<\/div>\n\t\t\t\t<\/div>\n\t\t\t\t\t<\/div>\n\t\t<\/div>\n\t\t\t\t\t<\/div>\n\t\t<\/section>\n\t\t\t\t<\/div>\n\t\t","protected":false},"excerpt":{"rendered":"<p>Contr\u00f4le des s\u00e9diments et am\u00e9nagement paysager Notre subvention du Comit\u00e9 des Lacs de la Ville de Mont Tremblant se concr\u00e9tise avec la nouvelle plaque d&#8217;acier \u00e0 notre rampe de mise \u00e0 l&#8217;eau dans le but de pr\u00e9venir l&#8217;\u00e9rosion du lit du lac par les coups d&#8217;h\u00e9lice lorsque les bateaux sont soulev\u00e9s hors de l&#8217;eau. Nous &hellip;<\/p>\n","protected":false},"author":1,"featured_media":8435,"parent":7722,"menu_order":0,"comment_status":"closed","ping_status":"closed","template":"template-fullwidth-alt.php","meta":{"_monsterinsights_skip_tracking":false,"_monsterinsights_sitenote_active":false,"_monsterinsights_sitenote_note":"","_monsterinsights_sitenote_category":0,"footnotes":""},"class_list":["post-8439","page","type-page","status-publish","has-post-thumbnail","hentry"],"aioseo_notices":[],"_links":{"self":[{"href":"https:\/\/preservationltn.ca\/fr\/wp-json\/wp\/v2\/pages\/8439","targetHints":{"allow":["GET"]}}],"collection":[{"href":"https:\/\/preservationltn.ca\/fr\/wp-json\/wp\/v2\/pages"}],"about":[{"href":"https:\/\/preservationltn.ca\/fr\/wp-json\/wp\/v2\/types\/page"}],"author":[{"embeddable":true,"href":"https:\/\/preservationltn.ca\/fr\/wp-json\/wp\/v2\/users\/1"}],"replies":[{"embeddable":true,"href":"https:\/\/preservationltn.ca\/fr\/wp-json\/wp\/v2\/comments?post=8439"}],"version-history":[{"count":1,"href":"https:\/\/preservationltn.ca\/fr\/wp-json\/wp\/v2\/pages\/8439\/revisions"}],"predecessor-version":[{"id":8440,"href":"https:\/\/preservationltn.ca\/fr\/wp-json\/wp\/v2\/pages\/8439\/revisions\/8440"}],"up":[{"embeddable":true,"href":"https:\/\/preservationltn.ca\/fr\/wp-json\/wp\/v2\/pages\/7722"}],"wp:featuredmedia":[{"embeddable":true,"href":"https:\/\/preservationltn.ca\/fr\/wp-json\/wp\/v2\/media\/8435"}],"wp:attachment":[{"href":"https:\/\/preservationltn.ca\/fr\/wp-json\/wp\/v2\/media?parent=8439"}],"curies":[{"name":"wp","href":"https:\/\/api.w.org\/{rel}","templated":true}]}}