{"id":8416,"date":"2025-06-03T02:01:27","date_gmt":"2025-06-03T06:01:27","guid":{"rendered":"https:\/\/preservationltn.ca\/projets\/brise-vagues\/"},"modified":"2025-06-03T02:12:07","modified_gmt":"2025-06-03T06:12:07","slug":"brise-vagues","status":"publish","type":"page","link":"https:\/\/preservationltn.ca\/fr\/projets\/brise-vagues\/","title":{"rendered":"Brise-vagues"},"content":{"rendered":"\t\t<div data-elementor-type=\"wp-page\" data-elementor-id=\"8416\" class=\"elementor elementor-8416 elementor-8393\">\n\t\t\t\t\t\t<section class=\"elementor-section elementor-top-section elementor-element elementor-element-9028a7f elementor-section-boxed elementor-section-height-default elementor-section-height-default\" data-id=\"9028a7f\" data-element_type=\"section\" data-e-type=\"section\">\n\t\t\t\t\t\t<div class=\"elementor-container elementor-column-gap-default\">\n\t\t\t\t\t<div class=\"elementor-column elementor-col-50 elementor-top-column elementor-element elementor-element-7943947a\" data-id=\"7943947a\" data-element_type=\"column\" data-e-type=\"column\">\n\t\t\t<div class=\"elementor-widget-wrap elementor-element-populated\">\n\t\t\t\t\t\t<div class=\"elementor-element elementor-element-0e1284f elementor-widget elementor-widget-heading\" data-id=\"0e1284f\" data-element_type=\"widget\" data-e-type=\"widget\" data-widget_type=\"heading.default\">\n\t\t\t\t<div class=\"elementor-widget-container\">\n\t\t\t\t\t<h2 class=\"elementor-heading-title elementor-size-xl\">Brise-vagues<\/h2>\t\t\t\t<\/div>\n\t\t\t\t<\/div>\n\t\t\t\t\t<\/div>\n\t\t<\/div>\n\t\t\t\t<div class=\"elementor-column elementor-col-50 elementor-top-column elementor-element elementor-element-c2f950a\" data-id=\"c2f950a\" data-element_type=\"column\" data-e-type=\"column\">\n\t\t\t<div class=\"elementor-widget-wrap elementor-element-populated\">\n\t\t\t\t\t\t<div class=\"elementor-element elementor-element-fb0161f elementor-widget__width-initial elementor-hidden-mobile elementor-widget elementor-widget-image\" data-id=\"fb0161f\" data-element_type=\"widget\" data-e-type=\"widget\" data-widget_type=\"image.default\">\n\t\t\t\t<div class=\"elementor-widget-container\">\n\t\t\t\t\t\t\t\t\t\t\t\t\t\t\t<img fetchpriority=\"high\" decoding=\"async\" width=\"698\" height=\"500\" src=\"https:\/\/preservationltn.ca\/wp-content\/uploads\/2023\/05\/quais-698x500.jpg\" class=\"attachment-citygov_classic size-citygov_classic wp-image-7657\" alt=\"Docks\" srcset=\"https:\/\/preservationltn.ca\/wp-content\/uploads\/2023\/05\/quais-698x500.jpg 698w, https:\/\/preservationltn.ca\/wp-content\/uploads\/2023\/05\/quais-350x250.jpg 350w\" sizes=\"(max-width: 698px) 100vw, 698px\" \/>\t\t\t\t\t\t\t\t\t\t\t\t\t\t\t<\/div>\n\t\t\t\t<\/div>\n\t\t\t\t\t<\/div>\n\t\t<\/div>\n\t\t\t\t\t<\/div>\n\t\t<\/section>\n\t\t\t\t<section class=\"elementor-section elementor-top-section elementor-element elementor-element-0d8bc0f elementor-section-boxed elementor-section-height-default elementor-section-height-default\" data-id=\"0d8bc0f\" data-element_type=\"section\" data-e-type=\"section\">\n\t\t\t\t\t\t<div class=\"elementor-container elementor-column-gap-default\">\n\t\t\t\t\t<div class=\"elementor-column elementor-col-100 elementor-top-column elementor-element elementor-element-8181be4\" data-id=\"8181be4\" data-element_type=\"column\" data-e-type=\"column\">\n\t\t\t<div class=\"elementor-widget-wrap elementor-element-populated\">\n\t\t\t\t\t\t<div class=\"elementor-element elementor-element-f58d4d9 elementor-widget elementor-widget-text-editor\" data-id=\"f58d4d9\" data-element_type=\"widget\" data-e-type=\"widget\" data-widget_type=\"text-editor.default\">\n\t\t\t\t<div class=\"elementor-widget-container\">\n\t\t\t\t\t\t\t\t\t<p>La n\u00e9cessit\u00e9 d&#8217;installer le brise-vagues \u00e0 l&#8217;automne 2024 est due au fait que la marina fait face \u00e0 la partie la plus large et la plus agit\u00e9 du lac Tremblant.<\/p><p>Elle est donc expos\u00e9e aux vagues les plus puissantes et aux coul\u00e9es de glace printani\u00e8res les plus dommageables. <br>Les coul\u00e9es de glace printani\u00e8res ont endommag\u00e9 de fa\u00e7on permanente les quais fixes de la marina et les postes d&#8217;amarrage couverts des s\u00e9ries 100, 300 et 400.<\/p><p>La pointe de la s\u00e9rie 300 sert de facto de brise-vagues, mais le gouvernement du Qu\u00e9bec ne permet pas \u00e0 PLTN d&#8217;effectuer des r\u00e9parations sur ses caissons enduits de cr\u00e9osote.<\/p><p>Les quais fixes de la marina ne peuvent \u00eatre remplac\u00e9s que par des quais flottants.<\/p><p>Pour la protection de l&#8217;environnement de l&#8217;ensemble du port de plaisance, un long et large brise-vagues flottant, fix\u00e9 de mani\u00e8re permanente au lit du lac, a \u00e9t\u00e9 install\u00e9 pour r\u00e9soudre les probl\u00e8mes annuels de dommages caus\u00e9s par les vagues et l&#8217;\u00e9coulement des glaces.<\/p><p>Comme le brise-vagues sera flottant, il pr\u00e9sente \u00e9galement des avantages environnementaux significatifs pour la restauration du lit du lac de la Baie du Diable. Il n&#8217;entra\u00eenera pas de s\u00e9dimentation, contrairement aux caissons et aux quais fixes enduits de cr\u00e9osote. <\/p>\t\t\t\t\t\t\t\t<\/div>\n\t\t\t\t<\/div>\n\t\t\t\t\t<\/div>\n\t\t<\/div>\n\t\t\t\t\t<\/div>\n\t\t<\/section>\n\t\t\t\t<section class=\"elementor-section elementor-top-section elementor-element elementor-element-76996dd elementor-section-boxed elementor-section-height-default elementor-section-height-default\" data-id=\"76996dd\" data-element_type=\"section\" data-e-type=\"section\">\n\t\t\t\t\t\t<div class=\"elementor-container elementor-column-gap-default\">\n\t\t\t\t\t<div class=\"elementor-column elementor-col-100 elementor-top-column elementor-element elementor-element-5dd6a36\" data-id=\"5dd6a36\" data-element_type=\"column\" data-e-type=\"column\">\n\t\t\t<div class=\"elementor-widget-wrap elementor-element-populated\">\n\t\t\t\t\t\t<div class=\"elementor-element elementor-element-2945a54 elementor-widget elementor-widget-image-gallery\" data-id=\"2945a54\" data-element_type=\"widget\" data-e-type=\"widget\" data-widget_type=\"image-gallery.default\">\n\t\t\t\t<div class=\"elementor-widget-container\">\n\t\t\t\t\t\t\t<div class=\"elementor-image-gallery\">\n\t\t\t\n\t\t<style type=\"text\/css\">\n\t\t\t#gallery-15 {\n\t\t\t\tmargin: auto;\n\t\t\t}\n\t\t\t#gallery-15 .gallery-item {\n\t\t\t\tfloat: left;\n\t\t\t\tmargin-top: 10px;\n\t\t\t\ttext-align: center;\n\t\t\t\twidth: 33%;\n\t\t\t}\n\t\t\t#gallery-15 img {\n\t\t\t\tborder: 2px solid #cfcfcf;\n\t\t\t}\n\t\t\t#gallery-15 .gallery-caption {\n\t\t\t\tmargin-left: 0;\n\t\t\t}\n\t\t\t\/* see gallery_shortcode() in wp-includes\/media.php *\/\n\t\t<\/style>\n\t\t<div id='gallery-15' class='gallery galleryid-8416 gallery-columns-3 gallery-size-citygov_classic'><dl class='gallery-item'>\n\t\t\t<dt class='gallery-icon portrait'>\n\t\t\t\t<a data-elementor-open-lightbox=\"yes\" data-elementor-lightbox-slideshow=\"2945a54\" data-elementor-lightbox-title=\"Break water pic\" data-e-action-hash=\"#elementor-action%3Aaction%3Dlightbox%26settings%3DeyJpZCI6ODM5NCwidXJsIjoiaHR0cHM6XC9cL3ByZXNlcnZhdGlvbmx0bi5jYVwvd3AtY29udGVudFwvdXBsb2Fkc1wvMjAyNVwvMDZcL0JyZWFrLXdhdGVyLXBpYy5qcGVnIiwic2xpZGVzaG93IjoiMjk0NWE1NCJ9\" href='https:\/\/preservationltn.ca\/wp-content\/uploads\/2025\/06\/Break-water-pic.jpeg'><img decoding=\"async\" width=\"698\" height=\"500\" src=\"https:\/\/preservationltn.ca\/wp-content\/uploads\/2025\/06\/Break-water-pic-698x500.jpeg\" class=\"attachment-citygov_classic size-citygov_classic\" alt=\"\" srcset=\"https:\/\/preservationltn.ca\/wp-content\/uploads\/2025\/06\/Break-water-pic-698x500.jpeg 698w, https:\/\/preservationltn.ca\/wp-content\/uploads\/2025\/06\/Break-water-pic-350x250.jpeg 350w\" sizes=\"(max-width: 698px) 100vw, 698px\" \/><\/a>\n\t\t\t<\/dt><\/dl><dl class='gallery-item'>\n\t\t\t<dt class='gallery-icon portrait'>\n\t\t\t\t<a data-elementor-open-lightbox=\"yes\" data-elementor-lightbox-slideshow=\"2945a54\" data-elementor-lightbox-title=\"Breakwater 2\" data-e-action-hash=\"#elementor-action%3Aaction%3Dlightbox%26settings%3DeyJpZCI6ODM5NiwidXJsIjoiaHR0cHM6XC9cL3ByZXNlcnZhdGlvbmx0bi5jYVwvd3AtY29udGVudFwvdXBsb2Fkc1wvMjAyNVwvMDZcL0JyZWFrd2F0ZXItMi1yb3RhdGVkLmpwZWciLCJzbGlkZXNob3ciOiIyOTQ1YTU0In0%3D\" href='https:\/\/preservationltn.ca\/wp-content\/uploads\/2025\/06\/Breakwater-2-rotated.jpeg'><img decoding=\"async\" width=\"698\" height=\"500\" src=\"https:\/\/preservationltn.ca\/wp-content\/uploads\/2025\/06\/Breakwater-2-698x500.jpeg\" class=\"attachment-citygov_classic size-citygov_classic\" alt=\"\" srcset=\"https:\/\/preservationltn.ca\/wp-content\/uploads\/2025\/06\/Breakwater-2-698x500.jpeg 698w, https:\/\/preservationltn.ca\/wp-content\/uploads\/2025\/06\/Breakwater-2-350x250.jpeg 350w\" sizes=\"(max-width: 698px) 100vw, 698px\" \/><\/a>\n\t\t\t<\/dt><\/dl><dl class='gallery-item'>\n\t\t\t<dt class='gallery-icon portrait'>\n\t\t\t\t<a data-elementor-open-lightbox=\"yes\" data-elementor-lightbox-slideshow=\"2945a54\" data-elementor-lightbox-title=\"Breakwater 3\" data-e-action-hash=\"#elementor-action%3Aaction%3Dlightbox%26settings%3DeyJpZCI6ODM5OCwidXJsIjoiaHR0cHM6XC9cL3ByZXNlcnZhdGlvbmx0bi5jYVwvd3AtY29udGVudFwvdXBsb2Fkc1wvMjAyNVwvMDZcL0JyZWFrd2F0ZXItMy5qcGVnIiwic2xpZGVzaG93IjoiMjk0NWE1NCJ9\" href='https:\/\/preservationltn.ca\/wp-content\/uploads\/2025\/06\/Breakwater-3.jpeg'><img loading=\"lazy\" decoding=\"async\" width=\"698\" height=\"500\" src=\"https:\/\/preservationltn.ca\/wp-content\/uploads\/2025\/06\/Breakwater-3-698x500.jpeg\" class=\"attachment-citygov_classic size-citygov_classic\" alt=\"\" srcset=\"https:\/\/preservationltn.ca\/wp-content\/uploads\/2025\/06\/Breakwater-3-698x500.jpeg 698w, https:\/\/preservationltn.ca\/wp-content\/uploads\/2025\/06\/Breakwater-3-350x250.jpeg 350w\" sizes=\"(max-width: 698px) 100vw, 698px\" \/><\/a>\n\t\t\t<\/dt><\/dl><br style=\"clear: both\" \/>\n\t\t<\/div>\n\t\t<\/div>\n\t\t\t\t\t\t<\/div>\n\t\t\t\t<\/div>\n\t\t\t\t<div class=\"elementor-element elementor-element-113e4b7 elementor-widget elementor-widget-image-gallery\" data-id=\"113e4b7\" data-element_type=\"widget\" data-e-type=\"widget\" data-widget_type=\"image-gallery.default\">\n\t\t\t\t<div class=\"elementor-widget-container\">\n\t\t\t\t\t\t\t<div class=\"elementor-image-gallery\">\n\t\t\t\n\t\t<style type=\"text\/css\">\n\t\t\t#gallery-16 {\n\t\t\t\tmargin: auto;\n\t\t\t}\n\t\t\t#gallery-16 .gallery-item {\n\t\t\t\tfloat: left;\n\t\t\t\tmargin-top: 10px;\n\t\t\t\ttext-align: center;\n\t\t\t\twidth: 100%;\n\t\t\t}\n\t\t\t#gallery-16 img {\n\t\t\t\tborder: 2px solid #cfcfcf;\n\t\t\t}\n\t\t\t#gallery-16 .gallery-caption {\n\t\t\t\tmargin-left: 0;\n\t\t\t}\n\t\t\t\/* see gallery_shortcode() in wp-includes\/media.php *\/\n\t\t<\/style>\n\t\t<div id='gallery-16' class='gallery galleryid-8416 gallery-columns-1 gallery-size-full'><dl class='gallery-item'>\n\t\t\t<dt class='gallery-icon portrait'>\n\t\t\t\t<a data-elementor-open-lightbox=\"yes\" data-elementor-lightbox-slideshow=\"113e4b7\" data-elementor-lightbox-title=\"Breakwater 4\" data-e-action-hash=\"#elementor-action%3Aaction%3Dlightbox%26settings%3DeyJpZCI6ODQwMCwidXJsIjoiaHR0cHM6XC9cL3ByZXNlcnZhdGlvbmx0bi5jYVwvd3AtY29udGVudFwvdXBsb2Fkc1wvMjAyNVwvMDZcL0JyZWFrd2F0ZXItNC5qcGVnIiwic2xpZGVzaG93IjoiMTEzZTRiNyJ9\" href='https:\/\/preservationltn.ca\/wp-content\/uploads\/2025\/06\/Breakwater-4.jpeg'><img loading=\"lazy\" decoding=\"async\" width=\"1290\" height=\"1346\" src=\"https:\/\/preservationltn.ca\/wp-content\/uploads\/2025\/06\/Breakwater-4.jpeg\" class=\"attachment-full size-full\" alt=\"\" srcset=\"https:\/\/preservationltn.ca\/wp-content\/uploads\/2025\/06\/Breakwater-4.jpeg 1290w, https:\/\/preservationltn.ca\/wp-content\/uploads\/2025\/06\/Breakwater-4-288x300.jpeg 288w, https:\/\/preservationltn.ca\/wp-content\/uploads\/2025\/06\/Breakwater-4-981x1024.jpeg 981w, https:\/\/preservationltn.ca\/wp-content\/uploads\/2025\/06\/Breakwater-4-768x801.jpeg 768w\" sizes=\"(max-width: 1290px) 100vw, 1290px\" \/><\/a>\n\t\t\t<\/dt><\/dl><br style=\"clear: both\" \/>\n\t\t<\/div>\n\t\t<\/div>\n\t\t\t\t\t\t<\/div>\n\t\t\t\t<\/div>\n\t\t\t\t\t<\/div>\n\t\t<\/div>\n\t\t\t\t\t<\/div>\n\t\t<\/section>\n\t\t\t\t<section class=\"elementor-section elementor-top-section elementor-element elementor-element-59ecad3 elementor-section-boxed elementor-section-height-default elementor-section-height-default\" data-id=\"59ecad3\" data-element_type=\"section\" data-e-type=\"section\">\n\t\t\t\t\t\t<div class=\"elementor-container elementor-column-gap-default\">\n\t\t\t\t\t<div class=\"elementor-column elementor-col-100 elementor-top-column elementor-element elementor-element-ef71665\" data-id=\"ef71665\" data-element_type=\"column\" data-e-type=\"column\">\n\t\t\t<div class=\"elementor-widget-wrap\">\n\t\t\t\t\t\t\t<\/div>\n\t\t<\/div>\n\t\t\t\t\t<\/div>\n\t\t<\/section>\n\t\t\t\t<section class=\"elementor-section elementor-top-section elementor-element elementor-element-65c0a08 elementor-section-boxed elementor-section-height-default elementor-section-height-default\" data-id=\"65c0a08\" data-element_type=\"section\" data-e-type=\"section\">\n\t\t\t\t\t\t<div class=\"elementor-container elementor-column-gap-default\">\n\t\t\t\t\t<div class=\"elementor-column elementor-col-100 elementor-top-column elementor-element elementor-element-14f0ec9\" data-id=\"14f0ec9\" data-element_type=\"column\" data-e-type=\"column\">\n\t\t\t<div class=\"elementor-widget-wrap elementor-element-populated\">\n\t\t\t\t\t\t<div class=\"elementor-element elementor-element-96f85fe elementor-widget elementor-widget-spacer\" data-id=\"96f85fe\" data-element_type=\"widget\" data-e-type=\"widget\" data-widget_type=\"spacer.default\">\n\t\t\t\t<div class=\"elementor-widget-container\">\n\t\t\t\t\t\t\t<div class=\"elementor-spacer\">\n\t\t\t<div class=\"elementor-spacer-inner\"><\/div>\n\t\t<\/div>\n\t\t\t\t\t\t<\/div>\n\t\t\t\t<\/div>\n\t\t\t\t\t<\/div>\n\t\t<\/div>\n\t\t\t\t\t<\/div>\n\t\t<\/section>\n\t\t\t\t<\/div>\n\t\t","protected":false},"excerpt":{"rendered":"<p>Brise-vagues La n\u00e9cessit\u00e9 d&#8217;installer le brise-vagues \u00e0 l&#8217;automne 2024 est due au fait que la marina fait face \u00e0 la partie la plus large et la plus agit\u00e9 du lac Tremblant. Elle est donc expos\u00e9e aux vagues les plus puissantes et aux coul\u00e9es de glace printani\u00e8res les plus dommageables. Les coul\u00e9es de glace printani\u00e8res ont &hellip;<\/p>\n","protected":false},"author":1,"featured_media":6900,"parent":7722,"menu_order":0,"comment_status":"closed","ping_status":"closed","template":"template-fullwidth-alt.php","meta":{"_monsterinsights_skip_tracking":false,"_monsterinsights_sitenote_active":false,"_monsterinsights_sitenote_note":"","_monsterinsights_sitenote_category":0,"footnotes":""},"class_list":["post-8416","page","type-page","status-publish","has-post-thumbnail","hentry"],"aioseo_notices":[],"_links":{"self":[{"href":"https:\/\/preservationltn.ca\/fr\/wp-json\/wp\/v2\/pages\/8416","targetHints":{"allow":["GET"]}}],"collection":[{"href":"https:\/\/preservationltn.ca\/fr\/wp-json\/wp\/v2\/pages"}],"about":[{"href":"https:\/\/preservationltn.ca\/fr\/wp-json\/wp\/v2\/types\/page"}],"author":[{"embeddable":true,"href":"https:\/\/preservationltn.ca\/fr\/wp-json\/wp\/v2\/users\/1"}],"replies":[{"embeddable":true,"href":"https:\/\/preservationltn.ca\/fr\/wp-json\/wp\/v2\/comments?post=8416"}],"version-history":[{"count":1,"href":"https:\/\/preservationltn.ca\/fr\/wp-json\/wp\/v2\/pages\/8416\/revisions"}],"predecessor-version":[{"id":8417,"href":"https:\/\/preservationltn.ca\/fr\/wp-json\/wp\/v2\/pages\/8416\/revisions\/8417"}],"up":[{"embeddable":true,"href":"https:\/\/preservationltn.ca\/fr\/wp-json\/wp\/v2\/pages\/7722"}],"wp:featuredmedia":[{"embeddable":true,"href":"https:\/\/preservationltn.ca\/fr\/wp-json\/wp\/v2\/media\/6900"}],"wp:attachment":[{"href":"https:\/\/preservationltn.ca\/fr\/wp-json\/wp\/v2\/media?parent=8416"}],"curies":[{"name":"wp","href":"https:\/\/api.w.org\/{rel}","templated":true}]}}