{"id":7506,"date":"2023-04-12T11:34:34","date_gmt":"2023-04-12T15:34:34","guid":{"rendered":"http:\/\/www.preservationltn.ca\/boat-wash\/"},"modified":"2026-04-27T18:01:55","modified_gmt":"2026-04-27T22:01:55","slug":"lavage-de-bateaux","status":"publish","type":"page","link":"https:\/\/preservationltn.ca\/fr\/lavage-de-bateaux\/","title":{"rendered":"Lavage de bateaux"},"content":{"rendered":"\t\t<div data-elementor-type=\"wp-post\" data-elementor-id=\"7506\" class=\"elementor elementor-7506 elementor-7033\">\n\t\t\t\t\t\t<section class=\"elementor-section elementor-top-section elementor-element elementor-element-4463495 elementor-section-boxed elementor-section-height-default elementor-section-height-default\" data-id=\"4463495\" data-element_type=\"section\" data-e-type=\"section\">\n\t\t\t\t\t\t<div class=\"elementor-container elementor-column-gap-default\">\n\t\t\t\t\t<div class=\"elementor-column elementor-col-66 elementor-top-column elementor-element elementor-element-ffc65b3\" data-id=\"ffc65b3\" data-element_type=\"column\" data-e-type=\"column\">\n\t\t\t<div class=\"elementor-widget-wrap elementor-element-populated\">\n\t\t\t\t\t\t<div class=\"elementor-element elementor-element-9516253 dekoline elementor-widget elementor-widget-heading\" data-id=\"9516253\" data-element_type=\"widget\" data-e-type=\"widget\" data-widget_type=\"heading.default\">\n\t\t\t\t<div class=\"elementor-widget-container\">\n\t\t\t\t\t<h2 class=\"elementor-heading-title elementor-size-xl\">Le lavage des embarcations est une obligation pour pr\u00e9server nos lacs.<\/h2>\t\t\t\t<\/div>\n\t\t\t\t<\/div>\n\t\t\t\t\t<\/div>\n\t\t<\/div>\n\t\t\t\t<div class=\"elementor-column elementor-col-33 elementor-top-column elementor-element elementor-element-717a20e\" data-id=\"717a20e\" data-element_type=\"column\" data-e-type=\"column\">\n\t\t\t<div class=\"elementor-widget-wrap elementor-element-populated\">\n\t\t\t\t\t\t<div class=\"elementor-element elementor-element-f6e2e79 elementor-hidden-mobile elementor-widget elementor-widget-image\" data-id=\"f6e2e79\" data-element_type=\"widget\" data-e-type=\"widget\" data-widget_type=\"image.default\">\n\t\t\t\t<div class=\"elementor-widget-container\">\n\t\t\t\t\t\t\t\t\t\t\t\t\t\t\t<img fetchpriority=\"high\" decoding=\"async\" width=\"750\" height=\"422\" src=\"https:\/\/preservationltn.ca\/wp-content\/uploads\/2023\/04\/shutterstock_501456925-1600x900-1-1024x576.jpg\" class=\"attachment-large size-large wp-image-7296\" alt=\"Man spraying boat with power washer\" srcset=\"https:\/\/preservationltn.ca\/wp-content\/uploads\/2023\/04\/shutterstock_501456925-1600x900-1-1024x576.jpg 1024w, https:\/\/preservationltn.ca\/wp-content\/uploads\/2023\/04\/shutterstock_501456925-1600x900-1-300x169.jpg 300w, https:\/\/preservationltn.ca\/wp-content\/uploads\/2023\/04\/shutterstock_501456925-1600x900-1-768x432.jpg 768w, https:\/\/preservationltn.ca\/wp-content\/uploads\/2023\/04\/shutterstock_501456925-1600x900-1-1536x864.jpg 1536w, https:\/\/preservationltn.ca\/wp-content\/uploads\/2023\/04\/shutterstock_501456925-1600x900-1.jpg 1600w\" sizes=\"(max-width: 750px) 100vw, 750px\" \/>\t\t\t\t\t\t\t\t\t\t\t\t\t\t\t<\/div>\n\t\t\t\t<\/div>\n\t\t\t\t\t<\/div>\n\t\t<\/div>\n\t\t\t\t\t<\/div>\n\t\t<\/section>\n\t\t\t\t<section class=\"elementor-section elementor-top-section elementor-element elementor-element-7521d0c elementor-section-boxed elementor-section-height-default elementor-section-height-default\" data-id=\"7521d0c\" data-element_type=\"section\" data-e-type=\"section\">\n\t\t\t\t\t\t<div class=\"elementor-container elementor-column-gap-default\">\n\t\t\t\t\t<div class=\"elementor-column elementor-col-100 elementor-top-column elementor-element elementor-element-428e682\" data-id=\"428e682\" data-element_type=\"column\" data-e-type=\"column\">\n\t\t\t<div class=\"elementor-widget-wrap elementor-element-populated\">\n\t\t\t\t\t\t<div class=\"elementor-element elementor-element-9862ee5 elementor-widget elementor-widget-text-editor\" data-id=\"9862ee5\" data-element_type=\"widget\" data-e-type=\"widget\" data-widget_type=\"text-editor.default\">\n\t\t\t\t<div class=\"elementor-widget-container\">\n\t\t\t\t\t\t\t\t\t<h3>Lavage de bateaux pour ceux qui ne sont pas des membres de PLTN : 40 $<\/h3><p><strong>La Ville de Mont-Tremblant ainsi que la Municipalit\u00e9 du Lac Tremblant Nord tiennent \u00e0 vous rappeler qu&#8217;avant chaque mise \u00e0 l&#8217;eau, le lavage des embarcations est obligatoire pour acc\u00e9der aux lacs de son territoire.<\/strong><\/p><p>Tout utilisateur d&#8217;une embarcation motoris\u00e9e (\u00e0 combustion ou \u00e9lectrique) doit faire laver son embarcation \u00e0 <strong>une station de lavage certifi\u00e9e<\/strong> avant de la mettre \u00e0 l&#8217;eau et doit d\u00e9tenir un certificat de lavage (vignette) reconnu par la Ville.<\/p><p>De plus, la remorque doit subir la m\u00eame proc\u00e9dure avant la mise \u00e0 l&#8217;eau et le retrait du bateau de l&#8217;eau.<\/p><h3>Le certificat de lavage ou la vignette doit \u00eatre:<\/h3><ul><li>Valide uniquement que pour le lac inscrit.<\/li><li>Expirer automatiquement apr\u00e8s 24 heures ou d\u00e8s que l\u2019embarcation quitte le lac.<\/li><li>Le bateau ne peut donc pas retourner sur le m\u00eame lac ou tout autre plan d&#8217;eau du territoire sans \u00eatre lav\u00e9 \u00e0 nouveau, m\u00eame dans les 24 heures de validit\u00e9 du certificat.<\/li><\/ul><p><strong>Sachez que votre bateau et sa remorque seront inspect\u00e9s par nos gardiens et pourraient \u00eatre refus\u00e9s s&#8217;ils n&#8217;ont pas \u00e9t\u00e9 correctement lav\u00e9s le jour o\u00f9 vous mettez votre bateau \u00e0 l&#8217;eau.<\/strong><\/p><p><strong>Des esp\u00e8ces envahissantes peuvent \u00eatre introduites par des bateaux non lav\u00e9s.<\/strong> Ces envahisseurs \u00e9trangers, leurs \u0153ufs ou leurs spores se d\u00e9placent d&#8217;un lac \u00e0 l&#8217;autre lorsqu&#8217;ils sont attach\u00e9s \u00e0 un bateau ou transport\u00e9s par l&#8217;eau dans les cales des bateaux.<\/p><h4>Ce r\u00e8glement sur le lavage des bateaux garantira que les g\u00e9n\u00e9rations futures pourront nager, p\u00eacher et naviguer comme les gens le font depuis plus de 100 ans.<\/h4><h3>Les membres de PLTN et les r\u00e9sidents du Lac Tremblant Nord peuvent mettre leur bateau \u00e0 l&#8217;eau et le laver gratuitement.<\/h3><h4>Obtenez votre inspection de lavage de bateau ici avec nous :<\/h4><p><strong>Pr\u00e9servation Lac-Tremblant-Nord Marina<\/strong><br \/>454, chemin de Lac-Tremblant-Nord<br \/><a href=\"tel:+18194252181\">819-425-2181<\/a><\/p>\t\t\t\t\t\t\t\t<\/div>\n\t\t\t\t<\/div>\n\t\t\t\t\t<\/div>\n\t\t<\/div>\n\t\t\t\t\t<\/div>\n\t\t<\/section>\n\t\t\t\t<section class=\"elementor-section elementor-top-section elementor-element elementor-element-b7ff8bd elementor-section-boxed elementor-section-height-default elementor-section-height-default\" data-id=\"b7ff8bd\" data-element_type=\"section\" data-e-type=\"section\">\n\t\t\t\t\t\t<div class=\"elementor-container elementor-column-gap-default\">\n\t\t\t\t\t<div class=\"elementor-column elementor-col-100 elementor-top-column elementor-element elementor-element-34783a8\" data-id=\"34783a8\" data-element_type=\"column\" data-e-type=\"column\">\n\t\t\t<div class=\"elementor-widget-wrap elementor-element-populated\">\n\t\t\t\t\t\t<div class=\"elementor-element elementor-element-9f33c63 elementor-widget elementor-widget-image-gallery\" data-id=\"9f33c63\" data-element_type=\"widget\" data-e-type=\"widget\" data-widget_type=\"image-gallery.default\">\n\t\t\t\t<div class=\"elementor-widget-container\">\n\t\t\t\t\t\t\t<div class=\"elementor-image-gallery\">\n\t\t\t\n\t\t<style type=\"text\/css\">\n\t\t\t#gallery-1 {\n\t\t\t\tmargin: auto;\n\t\t\t}\n\t\t\t#gallery-1 .gallery-item {\n\t\t\t\tfloat: left;\n\t\t\t\tmargin-top: 10px;\n\t\t\t\ttext-align: center;\n\t\t\t\twidth: 33%;\n\t\t\t}\n\t\t\t#gallery-1 img {\n\t\t\t\tborder: 2px solid #cfcfcf;\n\t\t\t}\n\t\t\t#gallery-1 .gallery-caption {\n\t\t\t\tmargin-left: 0;\n\t\t\t}\n\t\t\t\/* see gallery_shortcode() in wp-includes\/media.php *\/\n\t\t<\/style>\n\t\t<div id='gallery-1' class='gallery galleryid-7506 gallery-columns-3 gallery-size-citygov_classic'><dl class='gallery-item'>\n\t\t\t<dt class='gallery-icon landscape'>\n\t\t\t\t<a data-elementor-open-lightbox=\"yes\" data-elementor-lightbox-slideshow=\"9f33c63\" data-elementor-lightbox-title=\"john-sekutowski-3nalUfmyG-s-unsplash7\" data-e-action-hash=\"#elementor-action%3Aaction%3Dlightbox%26settings%3DeyJpZCI6NzAzOCwidXJsIjoiaHR0cHM6XC9cL3ByZXNlcnZhdGlvbmx0bi5jYVwvd3AtY29udGVudFwvdXBsb2Fkc1wvMjAyM1wvMDRcL2pvaG4tc2VrdXRvd3NraS0zbmFsVWZteUctcy11bnNwbGFzaDctc2NhbGVkLmpwZyIsInNsaWRlc2hvdyI6IjlmMzNjNjMifQ%3D%3D\" href='https:\/\/preservationltn.ca\/wp-content\/uploads\/2023\/04\/john-sekutowski-3nalUfmyG-s-unsplash7-scaled.jpg'><img decoding=\"async\" width=\"698\" height=\"500\" src=\"https:\/\/preservationltn.ca\/wp-content\/uploads\/2023\/04\/john-sekutowski-3nalUfmyG-s-unsplash7-698x500.jpg\" class=\"attachment-citygov_classic size-citygov_classic\" alt=\"Tip of rowboat with fishing rods\" srcset=\"https:\/\/preservationltn.ca\/wp-content\/uploads\/2023\/04\/john-sekutowski-3nalUfmyG-s-unsplash7-698x500.jpg 698w, https:\/\/preservationltn.ca\/wp-content\/uploads\/2023\/04\/john-sekutowski-3nalUfmyG-s-unsplash7-350x250.jpg 350w\" sizes=\"(max-width: 698px) 100vw, 698px\" \/><\/a>\n\t\t\t<\/dt><\/dl><dl class='gallery-item'>\n\t\t\t<dt class='gallery-icon landscape'>\n\t\t\t\t<a data-elementor-open-lightbox=\"yes\" data-elementor-lightbox-slideshow=\"9f33c63\" data-elementor-lightbox-title=\"20210423_193615\" data-e-action-hash=\"#elementor-action%3Aaction%3Dlightbox%26settings%3DeyJpZCI6NzAzNiwidXJsIjoiaHR0cHM6XC9cL3ByZXNlcnZhdGlvbmx0bi5jYVwvd3AtY29udGVudFwvdXBsb2Fkc1wvMjAyM1wvMDRcLzIwMjEwNDIzXzE5MzYxNS1zY2FsZWQuanBnIiwic2xpZGVzaG93IjoiOWYzM2M2MyJ9\" href='https:\/\/preservationltn.ca\/wp-content\/uploads\/2023\/04\/20210423_193615-scaled.jpg'><img decoding=\"async\" width=\"698\" height=\"500\" src=\"https:\/\/preservationltn.ca\/wp-content\/uploads\/2023\/04\/20210423_193615-698x500.jpg\" class=\"attachment-citygov_classic size-citygov_classic\" alt=\"Boy standing on boat at sunset\" srcset=\"https:\/\/preservationltn.ca\/wp-content\/uploads\/2023\/04\/20210423_193615-698x500.jpg 698w, https:\/\/preservationltn.ca\/wp-content\/uploads\/2023\/04\/20210423_193615-350x250.jpg 350w\" sizes=\"(max-width: 698px) 100vw, 698px\" \/><\/a>\n\t\t\t<\/dt><\/dl><dl class='gallery-item'>\n\t\t\t<dt class='gallery-icon landscape'>\n\t\t\t\t<a data-elementor-open-lightbox=\"yes\" data-elementor-lightbox-slideshow=\"9f33c63\" data-elementor-lightbox-title=\"pulizia barca02web\" data-e-action-hash=\"#elementor-action%3Aaction%3Dlightbox%26settings%3DeyJpZCI6NzA0NCwidXJsIjoiaHR0cHM6XC9cL3ByZXNlcnZhdGlvbmx0bi5jYVwvd3AtY29udGVudFwvdXBsb2Fkc1wvMjAyM1wvMDRcL3B1bGl6aWEtYmFyY2EwMndlYi53ZWJwIiwic2xpZGVzaG93IjoiOWYzM2M2MyJ9\" href='https:\/\/preservationltn.ca\/wp-content\/uploads\/2023\/04\/pulizia-barca02web.webp'><img loading=\"lazy\" decoding=\"async\" width=\"698\" height=\"500\" src=\"https:\/\/preservationltn.ca\/wp-content\/uploads\/2023\/04\/pulizia-barca02web-698x500.webp\" class=\"attachment-citygov_classic size-citygov_classic\" alt=\"Pressure washer stream on the side of a boat\" srcset=\"https:\/\/preservationltn.ca\/wp-content\/uploads\/2023\/04\/pulizia-barca02web-698x500.webp 698w, https:\/\/preservationltn.ca\/wp-content\/uploads\/2023\/04\/pulizia-barca02web-350x250.webp 350w\" sizes=\"(max-width: 698px) 100vw, 698px\" \/><\/a>\n\t\t\t<\/dt><\/dl><br style=\"clear: both\" \/>\n\t\t<\/div>\n\t\t<\/div>\n\t\t\t\t\t\t<\/div>\n\t\t\t\t<\/div>\n\t\t\t\t\t<\/div>\n\t\t<\/div>\n\t\t\t\t\t<\/div>\n\t\t<\/section>\n\t\t\t\t<section class=\"elementor-section elementor-top-section elementor-element elementor-element-7af8522 elementor-section-boxed elementor-section-height-default elementor-section-height-default\" data-id=\"7af8522\" data-element_type=\"section\" data-e-type=\"section\">\n\t\t\t\t\t\t<div class=\"elementor-container elementor-column-gap-default\">\n\t\t\t\t\t<div class=\"elementor-column elementor-col-100 elementor-top-column elementor-element elementor-element-d36d165\" data-id=\"d36d165\" data-element_type=\"column\" data-e-type=\"column\">\n\t\t\t<div class=\"elementor-widget-wrap elementor-element-populated\">\n\t\t\t\t\t\t<div class=\"elementor-element elementor-element-03cb296 gallery-spacing-custom elementor-widget__width-initial elementor-widget elementor-widget-image-gallery\" data-id=\"03cb296\" data-element_type=\"widget\" data-e-type=\"widget\" data-widget_type=\"image-gallery.default\">\n\t\t\t\t<div class=\"elementor-widget-container\">\n\t\t\t\t\t\t\t<div class=\"elementor-image-gallery\">\n\t\t\t\n\t\t<style type=\"text\/css\">\n\t\t\t#gallery-2 {\n\t\t\t\tmargin: auto;\n\t\t\t}\n\t\t\t#gallery-2 .gallery-item {\n\t\t\t\tfloat: left;\n\t\t\t\tmargin-top: 10px;\n\t\t\t\ttext-align: center;\n\t\t\t\twidth: 100%;\n\t\t\t}\n\t\t\t#gallery-2 img {\n\t\t\t\tborder: 2px solid #cfcfcf;\n\t\t\t}\n\t\t\t#gallery-2 .gallery-caption {\n\t\t\t\tmargin-left: 0;\n\t\t\t}\n\t\t\t\/* see gallery_shortcode() in wp-includes\/media.php *\/\n\t\t<\/style>\n\t\t<div id='gallery-2' class='gallery galleryid-7506 gallery-columns-1 gallery-size-full'><dl class='gallery-item'>\n\t\t\t<dt class='gallery-icon landscape'>\n\t\t\t\t<a data-elementor-open-lightbox=\"yes\" data-elementor-lightbox-slideshow=\"03cb296\" data-elementor-lightbox-title=\"man-cleaning-a-sailboat-with-a-pressure-washer\" data-e-action-hash=\"#elementor-action%3Aaction%3Dlightbox%26settings%3DeyJpZCI6NzA0MCwidXJsIjoiaHR0cHM6XC9cL3ByZXNlcnZhdGlvbmx0bi5jYVwvd3AtY29udGVudFwvdXBsb2Fkc1wvMjAyM1wvMDRcL21hbi1jbGVhbmluZy1hLXNhaWxib2F0LXdpdGgtYS1wcmVzc3VyZS13YXNoZXIuanBnIiwic2xpZGVzaG93IjoiMDNjYjI5NiJ9\" href='https:\/\/preservationltn.ca\/wp-content\/uploads\/2023\/04\/man-cleaning-a-sailboat-with-a-pressure-washer.jpg'><img loading=\"lazy\" decoding=\"async\" width=\"1200\" height=\"800\" src=\"https:\/\/preservationltn.ca\/wp-content\/uploads\/2023\/04\/man-cleaning-a-sailboat-with-a-pressure-washer.jpg\" class=\"attachment-full size-full\" alt=\"Man cleaning a sailboat with a pressure washer\" srcset=\"https:\/\/preservationltn.ca\/wp-content\/uploads\/2023\/04\/man-cleaning-a-sailboat-with-a-pressure-washer.jpg 1200w, https:\/\/preservationltn.ca\/wp-content\/uploads\/2023\/04\/man-cleaning-a-sailboat-with-a-pressure-washer-300x200.jpg 300w, https:\/\/preservationltn.ca\/wp-content\/uploads\/2023\/04\/man-cleaning-a-sailboat-with-a-pressure-washer-1024x683.jpg 1024w, https:\/\/preservationltn.ca\/wp-content\/uploads\/2023\/04\/man-cleaning-a-sailboat-with-a-pressure-washer-768x512.jpg 768w\" sizes=\"(max-width: 1200px) 100vw, 1200px\" \/><\/a>\n\t\t\t<\/dt><\/dl><br style=\"clear: both\" \/>\n\t\t<\/div>\n\t\t<\/div>\n\t\t\t\t\t\t<\/div>\n\t\t\t\t<\/div>\n\t\t\t\t\t<\/div>\n\t\t<\/div>\n\t\t\t\t\t<\/div>\n\t\t<\/section>\n\t\t\t\t<section class=\"elementor-section elementor-top-section elementor-element elementor-element-b1919a7 elementor-section-boxed elementor-section-height-default elementor-section-height-default\" data-id=\"b1919a7\" data-element_type=\"section\" data-e-type=\"section\">\n\t\t\t\t\t\t<div class=\"elementor-container elementor-column-gap-default\">\n\t\t\t\t\t<div class=\"elementor-column elementor-col-100 elementor-top-column elementor-element elementor-element-c072515\" data-id=\"c072515\" data-element_type=\"column\" data-e-type=\"column\">\n\t\t\t<div class=\"elementor-widget-wrap elementor-element-populated\">\n\t\t\t\t\t\t<div class=\"elementor-element elementor-element-a3e9961 elementor-widget elementor-widget-spacer\" data-id=\"a3e9961\" data-element_type=\"widget\" data-e-type=\"widget\" data-widget_type=\"spacer.default\">\n\t\t\t\t<div class=\"elementor-widget-container\">\n\t\t\t\t\t\t\t<div class=\"elementor-spacer\">\n\t\t\t<div class=\"elementor-spacer-inner\"><\/div>\n\t\t<\/div>\n\t\t\t\t\t\t<\/div>\n\t\t\t\t<\/div>\n\t\t\t\t\t<\/div>\n\t\t<\/div>\n\t\t\t\t\t<\/div>\n\t\t<\/section>\n\t\t\t\t<\/div>\n\t\t","protected":false},"excerpt":{"rendered":"<p>Le lavage des embarcations est une obligation pour pr\u00e9server nos lacs. Lavage de bateaux pour ceux qui ne sont pas des membres de PLTN : 40 $ La Ville de Mont-Tremblant ainsi que la Municipalit\u00e9 du Lac Tremblant Nord tiennent \u00e0 vous rappeler qu&#8217;avant chaque mise \u00e0 l&#8217;eau, le lavage des embarcations est obligatoire pour &hellip;<\/p>\n","protected":false},"author":1,"featured_media":7044,"parent":0,"menu_order":0,"comment_status":"closed","ping_status":"closed","template":"template-fullwidth-alt.php","meta":{"_monsterinsights_skip_tracking":false,"_monsterinsights_sitenote_active":false,"_monsterinsights_sitenote_note":"","_monsterinsights_sitenote_category":0,"footnotes":""},"class_list":["post-7506","page","type-page","status-publish","has-post-thumbnail","hentry"],"aioseo_notices":[],"_links":{"self":[{"href":"https:\/\/preservationltn.ca\/fr\/wp-json\/wp\/v2\/pages\/7506","targetHints":{"allow":["GET"]}}],"collection":[{"href":"https:\/\/preservationltn.ca\/fr\/wp-json\/wp\/v2\/pages"}],"about":[{"href":"https:\/\/preservationltn.ca\/fr\/wp-json\/wp\/v2\/types\/page"}],"author":[{"embeddable":true,"href":"https:\/\/preservationltn.ca\/fr\/wp-json\/wp\/v2\/users\/1"}],"replies":[{"embeddable":true,"href":"https:\/\/preservationltn.ca\/fr\/wp-json\/wp\/v2\/comments?post=7506"}],"version-history":[{"count":27,"href":"https:\/\/preservationltn.ca\/fr\/wp-json\/wp\/v2\/pages\/7506\/revisions"}],"predecessor-version":[{"id":8574,"href":"https:\/\/preservationltn.ca\/fr\/wp-json\/wp\/v2\/pages\/7506\/revisions\/8574"}],"wp:featuredmedia":[{"embeddable":true,"href":"https:\/\/preservationltn.ca\/fr\/wp-json\/wp\/v2\/media\/7044"}],"wp:attachment":[{"href":"https:\/\/preservationltn.ca\/fr\/wp-json\/wp\/v2\/media?parent=7506"}],"curies":[{"name":"wp","href":"https:\/\/api.w.org\/{rel}","templated":true}]}}